{"id":3,"date":"2023-02-15T12:59:35","date_gmt":"2023-02-15T11:59:35","guid":{"rendered":"https:\/\/matthiaslehr.de\/cms\/?page_id=3"},"modified":"2026-01-02T09:56:54","modified_gmt":"2026-01-02T08:56:54","slug":"impressum-und-datenschutzerklaerung","status":"publish","type":"page","link":"https:\/\/matthiaslehr.de\/cms\/impressum-und-datenschutzerklaerung\/","title":{"rendered":"Impressum &#038; Datenschutz"},"content":{"rendered":"<h2>Impressum<\/h2>\n<h3>Inhaltlich verantwortlich gem\u00e4\u00df \u00a7 5 DDG:<\/h3>\n<p>Matthias Lehr<br \/>\nB\u00fcrogemeinschaft \u00bbB\u00fcro S\u00fcd\u00ab<br \/>\nMarienstra\u00dfe 21<br \/>\n76137 Karlsruhe<br \/>\nUSt-IdNr. DE287054765<\/p>\n<h3>Haftungshinweis:<\/h3>\n<p>Ich \u00fcbernehme selbstverst\u00e4ndlich keine Haftung f\u00fcr die Inhalte externer Links oder f\u00fcr Inhalte, die jemand anderes verbreitet. F\u00fcr den Inhalt der verlinkten Seiten sind ausschlie\u00dflich deren Betreiber verantwortlich. Isso!<\/p>\n<h2>Datenschutzerkl\u00e4rung<\/h2>\n<p>Ich nehme den Schutz Ihrer pers\u00f6nlichen Daten selbstverst\u00e4ndlich sehr ernst. Ich behandle Ihre ggf. \u00fcbermittelten personenbezogenen Daten vertraulich und unter Einhaltung der Datenschutzgrundverordnung und dieser Datenschutzerkl\u00e4rung. In dieser Datenschutzerkl\u00e4rung informiere ich Sie m\u00f6glichst verst\u00e4ndlich \u00fcber Art, Umfang und Zweck der Erhebung und Verwendung personenbezogener Daten. Ebenso kl\u00e4re ich Sie \u00fcber Ihre Rechte hinsichtlich der Verwendung dieser Daten auf. Sollten Sie eine Formulierung finden, die Sie nicht verstehen, z\u00f6gern Sie nicht, mich zu kontaktieren. Mein Team international renommierter Top-Anw\u00e4lte und Anw\u00e4ltinnen wird Ihnen das dann erkl\u00e4ren.<\/p>\n<h3>1. \u00dcberblick und Zusammenfassung<\/h3>\n<p>Um sowohl das Gebot der K\u00fcrze und Klarheit, das f\u00fcr die Datenschutzerkl\u00e4rung gilt, einzuhalten, aber auch alle Details zu erw\u00e4hnen, will ich Ihnen der \u00dcbersichtlichkeit halber in Abschnitt 1 zuerst einen \u00dcberblick \u00fcber die wichtigsten Aspekte der Datenschutzerkl\u00e4rung geben. Um \u00fcber alle Punkte informiert zu werden, lesen Sie bitte die komplette Erkl\u00e4rung.<\/p>\n<p>Personenbezogene Daten sind Daten, mit denen Sie pers\u00f6nlich identifiziert werden k\u00f6nnen, also zum Beispiel Name, Adresse, Geburtsdatum, aber auch die IP-Adresse, mit der Sie online gehen. Grunds\u00e4tzlich ist die Nutzung meiner Website ohne die Angabe personenbezogener Daten wie Name, Anschrift oder E-Mail-Adresse m\u00f6glich. Sofern ein Besucher meiner Website, also eine betroffene Person, weiterreichende Dienste dieser Website in Anspruch nehmen m\u00f6chte, k\u00f6nnte eine Verarbeitung personenbezogener Daten erforderlich werden. Etwa bei Kontaktaufnahme per Mail oder einem Kontaktformular. Ist diese Verarbeitung erforderlich und besteht f\u00fcr eine solche Verarbeitung keine gesetzliche Grundlage, hole ich generell eine Einwilligung der betroffenen Person ein.<\/p>\n<p>Ich weise darauf hin, dass Daten\u00fcbertragung im Internet, zum Beispiel per E-Mail, grunds\u00e4tzlich Sicherheitsl\u00fccken aufweisen kann. Daten k\u00f6nnen vor dem Zugriff durch Dritte im Internet nicht l\u00fcckenlos gesch\u00fctzt werden.<\/p>\n<h4>Erfassung personenbezogener Daten durch meine Website<\/h4>\n<h5>Verantwortlicher f\u00fcr die Datenerfassung und -Verarbeitung:<\/h5>\n<p>Matthias Lehr<br \/>\nB\u00fcrogemeinschaft \u00bbB\u00fcro S\u00fcd\u00ab<br \/>\nMarienstra\u00dfe 21<br \/>\n76137 Karlsruhe<br \/>\nMail: info@matthiaslehr.de<\/p>\n<h5>Wie werden personenbezogene Daten erfasst, wof\u00fcr werden Sie genutzt und welche Rechte haben Sie diesbez\u00fcglich?<\/h5>\n<p>Manche Daten, wie Ihre IP-Adresse und andere technische Daten (zum Beispiel Ihr Browsertyp, Betriebssystem etc.) werden automatisch von Ihrem Browser \u00fcbermittelt, wenn Sie meine Website besuchen. Ein Teil dieser Daten kann durch meine Website erfasst und gespeichert werden.<\/p>\n<p>Andere Daten werden nur dadurch erhoben, dass Sie sie mir selbst mitteilen, zum Beispiel wenn Sie ein Kontaktformular ausf\u00fcllen.<\/p>\n<p>Daten erhebe ich grunds\u00e4tzlich nur, um die Funktion und Sicherheit meiner Website zu gew\u00e4hrleisten und die Bewegungen der Besucher auf meinen Seiten zu analysieren. Sie haben jederzeit das Recht, Auskunft \u00fcber Ihre personenbezogenen Daten zu erhalten. Dazu z\u00e4hlt ihre Herkunft, der Empf\u00e4nger und der Zweck der gespeicherten Daten. Wenden Sie sich dazu einfach an die oben angegebene Adresse. Sie haben ebenfalls das Recht, bei der zust\u00e4ndigen Aufsichtsbeh\u00f6rde Beschwerde einzulegen, machen Sie nur. \u00dcber Ihre Rechte bez\u00fcglich Ihre personenbezogenen Daten lesen Sie mehr in Abschnitt 2 dieser Erkl\u00e4rung.<\/p>\n<h5>Analyse-Programme und Programme von Drittanbietern<\/h5>\n<p>Ich erhebe keine Statistiken zum Surf-Verhalten meiner Website-Besucher. Leckere Cookies gibt&#8217;s auch nicht. Und Tracking-Zeugs sowieso nicht.<\/p>\n<h3>2. Verantwortlicher, Ihre Rechte, Verschl\u00fcsselung Ihrer Daten<\/h3>\n<h4>Verantwortliche Stelle:<\/h4>\n<p>Matthias Lehr<br \/>\nB\u00fcrogemeinschaft \u00bbB\u00fcro S\u00fcd\u00ab<br \/>\nMarienstra\u00dfe 21<br \/>\n76137 Karlsruhe<br \/>\nMail: info@matthiaslehr.de<\/p>\n<h4>Recht auf Widerruf der Einwilligung zur Datenverarbeitung<\/h4>\n<p>Eine von Ihnen erteilte Einwilligung zu einem Datenverarbeitungsvorgang kann von Ihnen auch jederzeit widerrufen werden. Dazu senden Sie mir einfach eine E-Mail. Die bis zum Zeitpunkt des Widerrufs erfolgte Datenverarbeitung bleibt dabei rechtm\u00e4\u00dfig.<\/p>\n<h4>Recht auf Beschwerde<\/h4>\n<p>Sollte ich Ihrer Meinung nach gegen Datenschutzrecht versto\u00dfen, steht Ihnen als Betroffenem, Betroffener, Betroffen*_x, ein Beschwerderecht bei der zust\u00e4ndigen Aufsichtsbeh\u00f6rde zu. Zust\u00e4ndig ist der\/die Datenschutzbeauftragte des Bundeslandes, in dem ich meinen Unternehmenssitz habe, also Baden-W\u00fcrttemberg (ein beinahe unbedeutendes kleines Bundesland irgendwo im S\u00fcdwesten Deutschlands). Eine aktuelle Liste der Datenschutzbeauftragten finden Sie hier: <a href=\"https:\/\/www.bfdi.bund.de\/DE\/Infothek\/Anschriften_Links\/anschriften_links-node.html\" target=\"_blank\" rel=\"noopener\">https:\/\/www.bfdi.bund.de\/DE\/Infothek\/Anschriften_Links\/anschriften_links-node.html<\/a><\/p>\n<h4>Recht auf Daten\u00fcbertragbarkeit<\/h4>\n<p>Sie haben das Recht, die auf Grundlage Ihrer Einwilligung von mir automatisch verarbeiteten personenbezogenen Daten an sich oder einen Dritten in einem strukturierten, g\u00e4ngigen, maschinenlesbaren Format zu erhalten. Sie haben au\u00dferdem das Recht, diese Daten einem anderen Verantwortlichen ohne Behinderung des Verantwortlichen, dem die Daten bereitgestellt wurden, zu \u00fcbermitteln. Wenn Sie die \u00dcbermittlung der Daten direkt von mir an einen Dritten verlangen, erfolgt dies nur im Rahmen technischer Machbarkeit und sofern hiervon nicht die Rechte und Freiheiten anderer Personen beeintr\u00e4chtigt werden. Versteht das jemand? Juristen, ey!<\/p>\n<p>Zur Geltendmachung des Rechts auf Daten\u00fcbertragbarkeit k\u00f6nnen Sie sich als betroffene Person jederzeit an mich wenden. Klaro.<\/p>\n<h4>Recht auf Auskunft, Recht auf Sperrung, Recht auf L\u00f6schung<\/h4>\n<p>Sie haben jederzeit das Recht, im Rahmen der gesetzlichen Bestimmungen Auskunft \u00fcber Ihre personenbezogenen Daten zu verlangen. Sie k\u00f6nnen Auskunft verlangen \u00fcber den Verarbeitungszweck, die Herkunft Ihrer Daten, den Empf\u00e4nger Ihrer Daten und falls m\u00f6glich die Dauer der Speicherung Ihrer Daten (ich erhebe allerdings keine solchen Daten, aber vielleicht mein Provider, Ihre IP-Adresse).<\/p>\n<p>Sie haben zudem ein Auskunftsrecht dar\u00fcber, ob Ihre personenbezogenen Daten an ein Drittland oder an eine internationale Organisation \u00fcbermittelt wurden. Ist das der Fall, so steht Ihnen das Recht zu, Auskunft \u00fcber die geeigneten Garantien im Zusammenhang mit der \u00dcbermittlung zu erhalten.<\/p>\n<p>Sie haben gegebenenfalls das Recht, die \u00fcber Sie gespeicherten Daten berichtigen zu lassen, zu sperren oder l\u00f6schen zu lassen.<\/p>\n<p>Sie k\u00f6nnen sich zur Wahrnehmung Ihrer Rechte jederzeit an mich wenden. Die Kontaktdaten hierzu finden Sie im Impressum dieser Website.<\/p>\n<h4>Verschl\u00fcsselung der Daten\u00fcbertragung<\/h4>\n<p>Alle Inhalte, die von oder zu dieser Website \u00fcbertragen werden, sind mit SSL- bzw. TLS-Verschl\u00fcsselung codiert. Dies betrifft auch Mitteilungen, die Sie an mich als Seitenbetreiber \u00fcber ein Kontaktformular senden. Eine E-Mail wird nicht \u00fcber die Website gesendet, sondern \u00fcber Ihr E-Mail-Programm. Die ist ziemlich sicher nicht verschl\u00fcsselt. Ist die Verschl\u00fcsselung dieser Website aktiv, erkennen Sie das am Schloss-Symbol und dem \u201ehttps\u201c an Stelle des sonst sichtbaren \u201ehttp\u201c in der Adresszeile Ihres Browsers.<\/p>\n<p>Wenn diese Verschl\u00fcsselung aktiviert ist, k\u00f6nnen Daten, die Sie an mich schicken, nicht von unberechtigten Dritten mitgelesen werden.<\/p>\n<h3>3. Erfassung von personenbezogenen Daten durch meine Website<\/h3>\n<h4>IP-Adresse<\/h4>\n<p>Die IP-Adresse Ihres Browsers wird von meinem Provider aus Sicherheitsgr\u00fcnden gespeichert. Mehr dazu lesen Sie im Unterpunkt &#8222;Server-Logfile&#8220;.<\/p>\n<h4>Cookies<\/h4>\n<p>Meine Website benutzt keine Cookies. Gar keine!<\/p>\n<p>Was Cookies sind, muss ich Ihnen wohl nicht mehr erkl\u00e4ren. Sie sind b\u00f6ser und schlimmer als alles, was Sie sich vorstellen k\u00f6nnen.<\/p>\n<p>Sie k\u00f6nnen der Speicherung dieses Teufelszeugs allerdings gl\u00fccklicherweise einfach widersprechen oder in Ihrem Browser ganz einfach die entsprechende Einstellung vornehmen, so dass Cookies gar nicht erst gespeichert werden. Auch eine Einstellung, die alle Cookies beim Schlie\u00dfen des Browsers l\u00f6scht, kann vorgenommen werden. Daf\u00fcr m\u00fcssen Sie sich aber ein bisschen mit den Programmen auskennen, die Sie t\u00e4glich benutzen. Ist das zu viel verlangt? Wissen Sie \u00fcberhaupt, wo Sie die Einstellungen Ihres Browsers finden?<br \/>\n(Dieser Satz unterstellt bewusst NICHT, dass Sie sich nicht mit Ihrem Browser oder anderen von Ihnen in regelm\u00e4\u00dfigen Abst\u00e4nden benutzten digitalen On- und Offline-Anwendungen auskennen. Er dient lediglich der Unterhaltung durch Ironisierung juristischer Floskeln. (Dieser Satz wiederum dient meiner juristischen Absicherung vor Verleumdungsklagen durch die ernst gemeinte Versicherung, dass es sich hierbei um eine ironische (im weitesten Sinne kabarettistische) \u00c4u\u00dferung, und nicht etwa um eine ernst gemeinte, sowie auf den Besucher, die Besucherin, bezogene Anschuldigung, Unterstellung oder Mutma\u00dfung handelt.))<\/p>\n<h4>Server-Logfile<\/h4>\n<p>Mein Provider (der Anbieter, bei dem die Dateien meiner Website gespeichert sind), erhebt und speichert selbst automatisch Daten, die ich teilweise einsehen kann. Diese Daten \u00fcbermittelt Ihr Browser automatisch an diese Website. Erfasst und gespeichert werden k\u00f6nnen hier:<\/p>\n<p>&#8211; Browsertyp und Browser-Versionsnummer<br \/>\n&#8211; Betriebssystem<br \/>\n&#8211; Website, von der ein Besucher zu mir gelangt (Referrer URL)<br \/>\n&#8211; Unterseiten, die auf meiner Website besucht werden<br \/>\n&#8211; Datum\/Uhrzeit des Zugriffs auf meiner Website<br \/>\n&#8211; Internet-Protokoll-Adresse (IP)<br \/>\n&#8211; Internet-Service-Provider des zugreifenden Systems<\/p>\n<p>Die anonymen Daten des Server-Logfiles werden getrennt von allen Ihren angegebenen personenbezogenen Daten gespeichert und nicht mit dieses zusammengef\u00fchrt. Ich ziehe keinerlei R\u00fcckschl\u00fcsse auf Sie als betroffene Person. Au\u00dferdem kann ich an dieser Praxis auch \u00fcberhaupt nichts \u00e4ndern, Schuld sind die Provider, die m\u00fcssen sich eben gegen Missbrauch absichern. Immer diese IP-Adressen, geht das Internet nicht ohne IP-Adressen und Cookies?! Ne, geht nicht.<\/p>\n<h4>Kontaktm\u00f6glichkeiten auf der Website<\/h4>\n<p>Aufgrund gesetzlicher Vorgaben enth\u00e4lt meine Website Angaben, die eine schnelle Kontaktaufnahme Ihrerseits erm\u00f6glichen (zum Beispiel meine E-Mail-Adresse). Die per Mail oder das Kontaktformular \u00fcbermittelten Daten werden von mir auf meinem Rechner gespeichert, damit ich Ihre Anfrage bearbeiten und mich bei Ihnen zur\u00fcckmelden kann. Diese Daten gebe ich nicht an Dritte weiter. Warum auch? Achso, ja. Vielleicht, damit diese Dritten Ihnen leckere Cookies schicken k\u00f6nnen? M\u00f6gen Sie Cookies? Die Daten werden von Ihnen auf freiwilliger Basis und damit auf Grundlage Ihrer Einwilligung \u00fcbermittelt. Behaupte ich jetzt einfach mal. Rechtliche Grundlage hierf\u00fcr ist das DSGVO, Art. 6 Abs. 1 Buchstabe a. Ihre so \u00fcbermittelten Daten werden so lange gespeichert, bis Sie mich zur L\u00f6schung auffordern oder der Zweck f\u00fcr die Speicherung, zum Beispiel die Kontaktaufnahme mit Ihnen, entf\u00e4llt.<\/p>\n<p>Sie k\u00f6nnen die Einwilligung zur Speicherung jederzeit widerrufen, kontaktieren Sie mich daf\u00fcr einfach per E-Mail wie oben und im Impressum der Website angegeben. Bis zum Zeitpunkt des Widerrufs erfolgte Datenverarbeitungsvorg\u00e4nge bleiben rechtm\u00e4\u00dfig.<\/p>\n<h3>4. Sharing und Social-Media-Plugins<\/h3>\n<p>Ich verwende auf dieser Website keine Plugins zum Teilen von Inhalten in Sozialen Medien. Facebook und andere Netzwerke bekommen also von mir auch keine personenbezogenen Daten von Ihnen und haben keinen Zugriff auf Ihr Nutzungsverhalten bez\u00fcglich meiner Website.<\/p>\n<p>Soziale Medien sind ohnehin der Untergang der Menschheit. Ganz im Ernst. W\u00fcrde ich meinen Kindern nicht erlauben.<\/p>\n<h3>5. Analyse des Besucherverhaltens auf der Website<\/h3>\n<h4>Hier wird nix analysiert<\/h4>\n<p>Einfach, weil&#8217;s auch \u00fcberhaupt keinen Spa\u00df mehr macht. Klar w\u00fcsste ich gern, wer wann meine Website besucht und woher er\/sie\/sier\/hen\/dey kommt. Aber da speichert meine Website ja ggf. ein Cookie auf Ihrem Rechner. Und Sie sind bestimmt allergisch gegen Cookies oder haben eine Unvertr\u00e4glichkeit oder sowas in der Richtung. Also gibt&#8217;s hier weder Google Analytics, noch sonst eine Analyse und ich wei\u00df eben nicht, wer mich besucht. Mir auch egal. Wenn Sie was wollen, rufen Sie halt an oder schicken mir eine Mail.<\/p>\n<h3>6. Eingebundene Komponenten anderer Betreiber (Video, Fonts, Maps, Code per CDN)<\/h3>\n<h4>Google Web Fonts NICHT eingebunden<\/h4>\n<p>Seit (mutma\u00dflich schmierige) Abmahn-Anw\u00e4lte unterwegs sind, die sich jede harmlose (und sehr praktische, schnelle und umkomplizierte) Einbindung von Schriftart-Dateien von Google vergolden lassen (und Millionen kassiert haben, ohne dass es einen wirklichen Gesch\u00e4digten gab), bindet doch kein informierter Coder mehr Google Fonts ein. W\u00e4re ja auch zu leicht. Aber nein, dann wird Ihre IP-Adresse an Google \u00fcbermittelt und Google registriert, dass meine Seite ihre Fonts benutzt.<\/p>\n<p>(Vergleiche oben. Unter Hinweis auf die Meinungsfreiheit und die Kunst des Kabarett m\u00f6chte ich hier in aller Deutlichkeit festhalten, dass es sich bei diesem Satz um reinen Unterhaltungswert, und nicht etwa um die Schm\u00e4hung einer Berufsgruppe oder einzelner Personen handelt. Auch die Verst\u00e4ndlichkeit einer Datenschutzerkl\u00e4rung profitiert, wie jeder Text, von einer gewissen auflockernden Menschlichkeit. Kann ich Ihnen als Nicht-Jurist, aber studierter Literaturwissenschaftler zumindest theoretisch belegen. Auch wird die von der DSGVO geforderte Pflicht zur Verst\u00e4ndlichkeit hierdurch nicht gest\u00f6rt, sondern im Gegenteil eben gerade erf\u00fcllt. Oder kennen Sie jemanden, der juristische Texte versteht, gut findet oder auch nur liest?!)<\/p>\n<h3>7. Profilerstellung und automatisierte Entscheidungsfindung<\/h3>\n<p>Ich f\u00fchre weder Profiling (Profilerstellung), noch automatisierte Entscheidungsfindung durch. D.h. ich erstelle kein Profil \u00fcber pers\u00f6nliche Aspekte einer nat\u00fcrlichen Person, in diesem Falle Sie. Insbesondere nicht, um Sie in irgendeiner Form nach Vorlieben, Interessen, Gesundheit oder \u00e4hnlichen Faktoren zu bewerten.<\/p>\n<h3>8. Speicherdauer der personenbezogenen Daten<\/h3>\n<p>Sofern weiter oben nicht anders erl\u00e4utert, ist die Dauer der Speicherung personenbezogener Daten die gesetzliche Aufbewahrungsfrist. Nach Ablauf dieser Zeit werden die Daten gel\u00f6scht, sofern sie nicht mehr zur Erf\u00fcllung von Vertr\u00e4gen oder der Anbahnung von Vertr\u00e4gen ben\u00f6tigt werden. Das hei\u00dft, wenn Sie mir eine E-Mail schreiben, hebe ich die auf, klar. Manchmal rahme ich sie mir auch ein und h\u00e4nge sie auf (nachdem ich sie umweltunfreundlich ausgedruckt habe, selbstverst\u00e4ndlich). Aber ist die gesetzliche Aufbewahrungsfrist vorbei, wird das sch\u00f6ne Kunstwerk von der Wand genommen. Ist doch klar.<\/p>\n<h3>9. Rechtsgrundlagen<\/h3>\n<p>Als Rechtsgrundlage f\u00fcr Datenverarbeitung, bei der ich eine Einwilligung von Ihnen zu einem bestimmten Verarbeitungszweck einhole, dient Art. 6 Abs. 1 Buchstabe a, DSGVO.<\/p>\n<p>Geht es um eine Leistung, wie die Lieferung von Waren oder die Erbringung einer sonstigen Leistung, sowie vorvertragliche Ma\u00dfnahmen wie Anfragen zu meine Leistungen, so beruht die Datenverarbeitung auf Art. 6 Abs. 1 Buchstabe b, DSGVO.<\/p>\n<p>Unterliege ich als Unternehmer rechtlichen Pflichten, die die Verarbeitung von personenbezogenen Daten n\u00f6tig machen, etwa steuerliche Pflichten, so basiert die Datenverarbeitung auf Art. 6 Abs. 1 Buchstabe c, DSGVO.<\/p>\n<p>Weiter oben ebenfalls erw\u00e4hnt wurde das berechtigte Interesse nach Art. 6 Abs. 1 Buchstabe f, DGSVO, mit dem meine Website personenbezogene Daten erhebt. Auf dieser Rechtsgrundlage basiert die Verarbeitung von Daten, die von keiner der vorgenannten Rechtsgrundlagen erfasst werden, wenn die Verarbeitung zur Wahrung eines berechtigten Interesses von mir oder eines Dritten erforderlich ist, sofern Ihre Interessen, Grundrechte und Grundfreiheiten nicht \u00fcberwiegen.<\/p>\n<p>Sie sind wirklich unten angekommen? Haben Sie alles gelesen? Wenn das so ist, schreiben Sie mir eine E-Mail. Sie sind der\/die\/* Erste*, der dieses Datenschutzerkl\u00e4rung ganz gelesen hat. Zur Belohnung schicke ich Ihnen vielleicht gerne (vielleicht) ein paar selbst gebackene Cookies.<\/p>\n","protected":false},"excerpt":{"rendered":"<p>Impressum Inhaltlich verantwortlich gem\u00e4\u00df \u00a7 5 DDG: Matthias Lehr B\u00fcrogemeinschaft \u00bbB\u00fcro S\u00fcd\u00ab Marienstra\u00dfe 21 76137 Karlsruhe USt-IdNr. DE287054765 Haftungshinweis: Ich \u00fcbernehme selbstverst\u00e4ndlich keine Haftung f\u00fcr die Inhalte externer Links oder f\u00fcr Inhalte, die jemand anderes verbreitet. F\u00fcr den Inhalt der verlinkten Seiten sind ausschlie\u00dflich deren Betreiber verantwortlich. Isso! Datenschutzerkl\u00e4rung Ich nehme den Schutz Ihrer pers\u00f6nlichen [&hellip;]<\/p>\n","protected":false},"author":2,"featured_media":0,"parent":0,"menu_order":0,"comment_status":"closed","ping_status":"closed","template":"","meta":{"_acf_changed":false,"footnotes":""},"class_list":["post-3","page","type-page","status-publish","hentry"],"acf":[],"_links":{"self":[{"href":"https:\/\/matthiaslehr.de\/cms\/wp-json\/wp\/v2\/pages\/3","targetHints":{"allow":["GET"]}}],"collection":[{"href":"https:\/\/matthiaslehr.de\/cms\/wp-json\/wp\/v2\/pages"}],"about":[{"href":"https:\/\/matthiaslehr.de\/cms\/wp-json\/wp\/v2\/types\/page"}],"author":[{"embeddable":true,"href":"https:\/\/matthiaslehr.de\/cms\/wp-json\/wp\/v2\/users\/2"}],"replies":[{"embeddable":true,"href":"https:\/\/matthiaslehr.de\/cms\/wp-json\/wp\/v2\/comments?post=3"}],"version-history":[{"count":10,"href":"https:\/\/matthiaslehr.de\/cms\/wp-json\/wp\/v2\/pages\/3\/revisions"}],"predecessor-version":[{"id":192,"href":"https:\/\/matthiaslehr.de\/cms\/wp-json\/wp\/v2\/pages\/3\/revisions\/192"}],"wp:attachment":[{"href":"https:\/\/matthiaslehr.de\/cms\/wp-json\/wp\/v2\/media?parent=3"}],"curies":[{"name":"wp","href":"https:\/\/api.w.org\/{rel}","templated":true}]}}